{"id":26,"date":"2018-05-24T07:55:08","date_gmt":"2018-05-24T13:55:08","guid":{"rendered":"http:\/\/www.sierra.org.mx\/nueva\/?page_id=26"},"modified":"2025-09-18T11:51:02","modified_gmt":"2025-09-18T17:51:02","slug":"administracion","status":"publish","type":"page","link":"https:\/\/www.sierra.org.mx\/nueva\/administracion\/","title":{"rendered":"Administraci\u00f3n \/ Condominios actuales"},"content":{"rendered":"<p><iframe src=\"https:\/\/www.sierra.org.mx\/inmuebles\/CT\/admonCondoAcTbi.PHP\" style=\"height:835px;width:100%;border:none;\"><\/iframe><br \/>\n<!--h1>Administraci\u00f3n \/ Condominios Actuales<\/h1>\n\n\n&nbsp;\n\n\n<table role=\"table\" width=\"100%\">\n\n\n<tbody>\n\n\n<tr>\n\n\n<td width=\"2%\"><\/td>\n\n\n\n\n<td class=\"admcondotrab\">\n\n\n<div class=\"condoDiv\">&nbsp;&nbsp;&nbsp;Condominio\n&nbsp;&nbsp;&nbsp;Torre Platinum C\u00f3lomos<\/div>\n\n\n\n\n<table width=\"100%\" style=\"border-bottom: 0px\">\n\n\n<tr bgcolor=\"#C0C0C0\">\n\n\n<td width=\"20%\"><\/td>\n\n\n\n\n<td width=\"60%\"><img class=\"size-full wp-image-317\" src=\"https:\/\/www.sierra.org.mx\/nueva\/wp-content\/uploads\/2018\/06\/condominios001.jpg\" \/><\/td>\n\n\n\n\n<td width=\"20%\"><\/td>\n\n\n<\/tr>\n\n\n<\/table>\n\n\n\n\n<table width=\"100%\" style=\"border-bottom: 0px;\">\n\n\n<tr bgcolor=\"#ffffff\">\n\n\n<td width=\"50%\"  style=\"text-align: left;\">\n&nbsp;&nbsp;&nbsp;<a href=\"https:\/\/www.sierra.org.mx\/nueva\/condominios.php?condominio=torreplatinumcolomos\/\" target=\"_blank\" rel=\"noopener\"><img loading=\"lazy\" class=\"wp-image-422\" title=\"Sistema Administrativo\" src=\"https:\/\/www.sierra.org.mx\/nueva\/wp-content\/uploads\/2018\/09\/icoAdmCondo.png\" alt=\"\" width=\"50\" height=\"50\" style=\"vertical-align: middle;\" \/><\/a><\/td>\n\n\n\n\n<td width=\"50%\" style=\"text-align: right;\">\n<a href=\"http:\/\/www.sierra.org.mx:8080\/sci_admin\/OPMAcceso\/ftp.php?condominio=torreplatinumcolomos\/\" target=\"_blank\" rel=\"noopener\"><img loading=\"lazy\" class=\"wp-image-421\" title=\"Descarga de documentos\" src=\"https:\/\/www.sierra.org.mx\/nueva\/wp-content\/uploads\/2018\/09\/icoDescargas.png\" alt=\"\" width=\"50\" height=\"50\" style=\"vertical-align: middle;\"\/><\/a>&nbsp;&nbsp;&nbsp;<\/td>\n\n\n<\/tr>\n\n\n<\/table>\n\n\n<\/td>\n\n\n\n\n<td width=\"3%\"><\/td>\n\n\n\n\n<td class=\"admcondotrab\">\n\n\n<div class=\"condoDiv\">&nbsp;&nbsp;&nbsp;Condominio\n&nbsp;&nbsp;&nbsp;Vigil Vertical<\/div>\n\n\n\n\n<table width=100% style=\"border-bottom: 0px\">\n\n\n<tr bgcolor=\"#C0C0C0\">\n\n\n<td width=\"20%\"><\/td>\n\n\n\n\n<td width=\"60%\"><img class=\"size-full wp-image-318\" src=\"https:\/\/www.sierra.org.mx\/nueva\/wp-content\/uploads\/2018\/06\/condominios002.jpg\" width=\"100%\" \/><\/td>\n\n\n\n\n<td width=\"20%\"><\/td>\n\n\n<\/tr>\n\n\n<\/table>\n\n\n\n\n<table width=100% style=\"border-bottom: 0px\">\n\n\n<tr bgcolor=\"#ffffff\">\n\n\n<td width=\"50%\" style=\"text-align: left;\">\n&nbsp;&nbsp;&nbsp;<a href=\"https:\/\/www.sierra.org.mx\/nueva\/condominios.php?condominio=torrevigilvertical\/\" target=\"_blank\" rel=\"noopener\"><img loading=\"lazy\" class=\"wp-image-422\" title=\"Sistema Administrativo\" src=\"https:\/\/www.sierra.org.mx\/nueva\/wp-content\/uploads\/2018\/09\/icoAdmCondo.png\" alt=\"\" width=\"50\" height=\"50\" style=\"vertical-align: middle;\"\/><\/a><\/td>\n\n\n\n\n<td width=\"50%\" style=\"text-align: right;\">\n<a href=\"https:\/\/www.sierra.org.mx\/nueva\/ftp.php?condominio=torrevigilvertical\/\" target=\"_blank\" rel=\"noopener\"><img loading=\"lazy\" class=\"wp-image-421\" title=\"Descarga de documentos\" src=\"https:\/\/www.sierra.org.mx\/nueva\/wp-content\/uploads\/2018\/09\/icoDescargas.png\" alt=\"\" width=\"50\" height=\"50\" style=\"vertical-align: middle;\"\/><\/a>&nbsp;&nbsp;&nbsp;<\/td>\n\n\n<\/tr>\n\n\n<\/table>\n\n\n<\/td>\n\n\n\n\n<td width=\"2%\"><\/td>\n\n\n<\/tr>\n\n\n\n\n<tr>\n\n\n<td colspan=\"5\"> &nbsp;<\/td>\n\n\n<\/tr>\n\n\n\n\n<tr role=\"row\">\n\n\n<td width=\"3%\"><\/td>\n\n\n\n\n<td class=\"admcondotrab\">\n\n\n<div class=\"condoDiv\">&nbsp;&nbsp;&nbsp;Condominio\n&nbsp;&nbsp;&nbsp;San Vicente Living<\/div>\n\n\n\n\n<table width=100% style=\"border-bottom: 0px\">\n\n\n<tr bgcolor=\"#C0C0C0\">\n\n\n<td width=\"20%\"><\/td>\n\n\n\n\n<td width=\"60%\"><img class=\"size-full wp-image-320\" src=\"https:\/\/www.sierra.org.mx\/nueva\/wp-content\/uploads\/2018\/06\/condominios004.jpg\" width=\"100%\" \/><\/td>\n\n\n\n\n<td width=\"20%\"><\/td>\n\n\n<\/tr>\n\n\n<\/table>\n\n\n\n\n<table width=100% style=\"border-bottom: 0px\">\n\n\n<tr bgcolor=\"#ffffff\">\n\n\n<td width=\"50%\" style=\"text-align: left;\">\n&nbsp;&nbsp;&nbsp;<a href=\"https:\/\/www.sierra.org.mx\/nueva\/condominios.php?condominio=sanvicentelivingsadecv\/\" target=\"_blank\" rel=\"noopener\"><img loading=\"lazy\" class=\"wp-image-422\" title=\"Sistema Administrativo\" src=\"https:\/\/www.sierra.org.mx\/nueva\/wp-content\/uploads\/2018\/09\/icoAdmCondo.png\" alt=\"\" width=\"50\" height=\"50\" style=\"vertical-align: middle;\"\/><\/a><\/td>\n\n\n\n\n<td width=\"50%\" style=\"text-align: right;\">\n<a title=\"Sistema Administrativo\" href=\"https:\/\/www.sierra.org.mx\/nueva\/ftp.php?condominio=sanvicentelivingsadecv\/\" target=\"_blank\" rel=\"noopener\"><img loading=\"lazy\" class=\"wp-image-421\" title=\"Descarga de documentos\" src=\"https:\/\/www.sierra.org.mx\/nueva\/wp-content\/uploads\/2018\/09\/icoDescargas.png\" alt=\"\" width=\"50\" height=\"50\" style=\"vertical-align: middle;\"\/><\/a>&nbsp;&nbsp;&nbsp;<\/td>\n\n\n<\/tr>\n\n\n<\/table>\n\n\n<\/td>\n\n\n\n\n<td width=\"3%\"><\/td>\n\n\n\n\n<td class=\"admcondotrab\">\n\n\n<div class=\"condoDiv\">&nbsp;&nbsp;&nbsp;Centro de Negocios\n&nbsp;&nbsp;&nbsp;Patria 888<\/div>\n\n\n\n\n<table width=100% style=\"border-bottom: 0px\">\n\n\n<tr bgcolor=\"#C0C0C0\">\n\n\n<td width=\"20%\"><\/td>\n\n\n\n\n<td width=\"60%\"><img class=\"size-full wp-image-319\" src=\"https:\/\/www.sierra.org.mx\/nueva\/wp-content\/uploads\/2018\/06\/condominios003.jpg\" width=\"100%\" \/><\/td>\n\n\n\n\n<td width=\"20%\"><\/td>\n\n\n<\/tr>\n\n\n<\/table>\n\n\n\n\n<table width=100% style=\"border-bottom: 0px\">\n\n\n<tr bgcolor=\"#ffffff\">\n\n\n<td width=\"50%\" style=\"text-align: left;\">\n&nbsp;&nbsp;&nbsp;<a href=\"https:\/\/www.sierra.org.mx\/nueva\/condominios.php?condominio=patria888\/\" target=\"_blank\" rel=\"noopener\"><img loading=\"lazy\" class=\"wp-image-422\" title=\"Sistema Administrativo\" src=\"https:\/\/www.sierra.org.mx\/nueva\/wp-content\/uploads\/2018\/09\/icoAdmCondo.png\" alt=\"\" width=\"50\" height=\"50\" style=\"vertical-align: middle;\"\/><\/a><\/td>\n\n\n\n\n<td width=\"50%\" style=\"text-align: right;\">\n<a href=\"https:\/\/www.sierra.org.mx\/nueva\/ftp.php?condominio=patria888\/\" target=\"_blank\" rel=\"noopener\"><img loading=\"lazy\" class=\"wp-image-421\" title=\"Descarga de documentos\" src=\"https:\/\/www.sierra.org.mx\/nueva\/wp-content\/uploads\/2018\/09\/icoDescargas.png\" alt=\"\" width=\"50\" height=\"50\" style=\"vertical-align: middle;\"\/><\/a>&nbsp;&nbsp;&nbsp;<\/td>\n\n\n<\/tr>\n\n\n<\/table>\n\n\n<\/td>\n\n\n\n\n<td width=\"3%\"><\/td>\n\n\n<\/tr>\n\n\n\n\n<tr role=\"row\">\n\n\n<td colspan=\"5\"> &nbsp;<\/td>\n\n\n<\/tr>\n\n\n\n\n<tr role=\"row\">\n\n\n<td width=\"3%\"><\/td>\n\n\n\n\n<td class=\"admcondotrab\">\n\n\n<div class=\"condoDiv\">&nbsp;&nbsp;&nbsp;Condominio\n&nbsp;&nbsp;&nbsp;Lomas Elite<\/div>\n\n\n\n\n<table width=100% style=\"border-bottom: 0px\">\n\n\n<tr bgcolor=\"#C0C0C0\">\n\n\n<td width=\"20%\"><\/td>\n\n\n\n\n<td width=\"60%\"><img class=\"size-full wp-image-321\" src=\"https:\/\/www.sierra.org.mx\/nueva\/wp-content\/uploads\/2018\/06\/condominios005.jpg\" width=\"100%\" \/><\/td>\n\n\n\n\n<td width=\"20%\"><\/td>\n\n\n<\/tr>\n\n\n<\/table>\n\n\n\n\n<table width=100% style=\"border-bottom: 0px\">\n\n\n<tr bgcolor=\"#ffffff\">\n\n\n<td width=\"50%\" style=\"text-align: left;\">\n&nbsp;&nbsp;&nbsp;<a href=\"https:\/\/www.sierra.org.mx\/nueva\/condominios.php?condominio=lomaselite\/\" target=\"_blank\" rel=\"noopener\"><img loading=\"lazy\" class=\"wp-image-422\" title=\"Sistema Administrativo\" src=\"https:\/\/www.sierra.org.mx\/nueva\/wp-content\/uploads\/2018\/09\/icoAdmCondo.png\" alt=\"\" width=\"50\" height=\"50\" style=\"vertical-align: middle;\" \/><\/a><\/td>\n\n\n\n\n<td width=\"50%\" style=\"text-align: right;\">\n<a href=\"https:\/\/www.sierra.org.mx\/nueva\/ftp.php?condominio=lomaselite\/\" target=\"_blank\" rel=\"noopener\"><img loading=\"lazy\" class=\"wp-image-421\" title=\"Descarga de documentos\" src=\"https:\/\/www.sierra.org.mx\/nueva\/wp-content\/uploads\/2018\/09\/icoDescargas.png\" alt=\"\" width=\"50\" height=\"50\" style=\"vertical-align: middle;\"\/><\/a>&nbsp;&nbsp;&nbsp;<\/td>\n\n\n<\/tr>\n\n\n<\/table>\n\n\n<\/td>\n\n\n\n\n<td width=\"3%\"><\/td>\n\n\n\n\n<td class=\"admcondotrab\">\n\n\n<div class=\"condoDiv\">&nbsp;&nbsp;&nbsp;Condominio\n&nbsp;&nbsp;&nbsp;vista al Bosque<\/div>\n\n\n\n\n<table width=100% style=\"border-bottom: 0px\">\n\n\n<tr bgcolor=\"#C0C0C0\">\n\n\n<td width=\"20%\"><\/td>\n\n\n\n\n<td width=\"60%\"><img class=\"size-full wp-image-322\" src=\"https:\/\/www.sierra.org.mx\/nueva\/wp-content\/uploads\/2018\/06\/condominios008.jpg\" width=\"100%\" \/><\/td>\n\n\n\n\n<td width=\"20%\"><\/td>\n\n\n<\/tr>\n\n\n<\/table>\n\n\n\n\n<table width=100% style=\"border-bottom: 0px\">\n\n\n<tr bgcolor=\"#ffffff\">\n\n\n<td width=\"50%\" style=\"text-align: left;\">\n&nbsp;&nbsp;&nbsp;<a href=\"https:\/\/www.sierra.org.mx\/nueva\/condominios.php?condominio=vistaalbosque\/\" target=\"_blank\" rel=\"noopener\"><img loading=\"lazy\" class=\"wp-image-422\" title=\"Sistema Administrativo\" src=\"https:\/\/www.sierra.org.mx\/nueva\/wp-content\/uploads\/2018\/09\/icoAdmCondo.png\" alt=\"\" width=\"50\" height=\"50\" style=\"vertical-align: middle;\"\/><\/a><\/td>\n\n\n\n\n<td width=\"50%\" style=\"text-align: right;\">\n<a href=\"https:\/\/www.sierra.org.mx\/nueva\/ftp.php?condominio=C 0001 - Vista al Bosque\/\" target=\"_blank\" rel=\"noopener\"><img loading=\"lazy\" class=\"wp-image-421\" title=\"Descarga de documentos\" src=\"https:\/\/www.sierra.org.mx\/nueva\/wp-content\/uploads\/2018\/09\/icoDescargas.png\" alt=\"\" width=\"50\" height=\"50\" style=\"vertical-align: middle;\"\/><\/a>&nbsp;&nbsp;&nbsp;<\/td>\n\n\n<\/tr>\n\n\n<\/table>\n\n\n<\/td>\n\n\n\n\n<td width=\"3%\"><\/td>\n\n\n<\/tr>\n\n\n\n\n<tr role=\"row\">\n\n\n<td colspan=\"5\"> &nbsp;<\/td>\n\n\n<\/tr>\n\n\n\n\n<tr role=\"row\">\n\n\n<td width=\"3%\"><\/td>\n\n\n\n\n<td class=\"admcondotrab\">\n\n\n<div class=\"condoDiv\">&nbsp;&nbsp;&nbsp;Condominio\n&nbsp;&nbsp;&nbsp;Villa Floresta<\/div>\n\n\n\n\n<table width=100% style=\"border-bottom: 0px\">\n\n\n<tr bgcolor=\"#C0C0C0\">\n\n\n<td width=\"20%\"><\/td>\n\n\n\n\n<td width=\"60%\"><img class=\"size-full wp-image-324\" src=\"https:\/\/www.sierra.org.mx\/nueva\/wp-content\/uploads\/2018\/06\/condominios010.jpg\" width=\"100%\" \/><\/td>\n\n\n\n\n<td width=\"20%\"><\/td>\n\n\n<\/tr>\n\n\n<\/table>\n\n\n\n\n<table width=100% style=\"border-bottom: 0px\">\n\n\n<tr bgcolor=\"#ffffff\">\n\n\n<td width=\"50%\" style=\"text-align: left;\">\n&nbsp;&nbsp;&nbsp;<a href=\"https:\/\/www.sierra.org.mx\/nueva\/condominios.php?condominio=villafloresta\/\" target=\"_blank\" rel=\"noopener\"><img loading=\"lazy\" class=\"wp-image-422\" title=\"Sistema Administrativo\" src=\"https:\/\/www.sierra.org.mx\/nueva\/wp-content\/uploads\/2018\/09\/icoAdmCondo.png\" alt=\"\" width=\"50\" height=\"50\" style=\"vertical-align: middle;\"\/><\/a><\/td>\n\n\n\n\n<td width=\"50%\" style=\"text-align: right;\">\n<a href=\"https:\/\/www.sierra.org.mx\/nueva\/ftp.php?condominio=villafloresta\/\" target=\"_blank\" rel=\"noopener\"><img loading=\"lazy\" class=\"wp-image-421\" title=\"Descarga de documentos\" src=\"https:\/\/www.sierra.org.mx\/nueva\/wp-content\/uploads\/2018\/09\/icoDescargas.png\" alt=\"\" width=\"50\" height=\"50\" style=\"vertical-align: middle;\"\/><\/a>&nbsp;&nbsp;&nbsp;<\/td>\n\n\n<\/tr>\n\n\n<\/table>\n\n\n<\/td>\n\n\n\n\n<td width=\"3%\"><\/td>\n\n\n\n\n<td class=\"admcondotrab\">\n\n\n<div class=\"condoDiv\">&nbsp;&nbsp;&nbsp;Plaza\n&nbsp;&nbsp;&nbsp;Paseo del Lago<\/div>\n\n\n\n\n<table width=100% style=\"border-bottom: 0px\">\n\n\n<tr bgcolor=\"#C0C0C0\">\n\n\n<td width=\"20%\"><\/td>\n\n\n\n\n<td width=\"60%\"><img class=\"size-full wp-image-323\" src=\"https:\/\/www.sierra.org.mx\/nueva\/wp-content\/uploads\/2018\/06\/condominios009.jpg\" width=\"100%\" \/><\/td>\n\n\n\n\n<td width=\"20%\"><\/td>\n\n\n<\/tr>\n\n\n<\/table>\n\n\n\n\n<table width=100% style=\"border-bottom: 0px\">\n\n\n<tr bgcolor=\"#ffffff\">\n\n\n<td width=\"50%\" style=\"text-align: left;\">\n&nbsp;&nbsp;&nbsp;<a href=\"https:\/\/www.sierra.org.mx\/nueva\/condominios.php?condominio=paseodellago\/\" target=\"_blank\" rel=\"noopener\"><img loading=\"lazy\" class=\"wp-image-422\" title=\"Sistema Administrativo\" src=\"https:\/\/www.sierra.org.mx\/nueva\/wp-content\/uploads\/2018\/09\/icoAdmCondo.png\" alt=\"\" width=\"50\" height=\"50\" style=\"vertical-align: middle;\"\/><\/a><\/td>\n\n\n\n\n<td width=\"50%\" style=\"text-align: right;\">\n<a href=\"https:\/\/www.sierra.org.mx\/nueva\/ftp.php?condominio=paseodellago\/\" target=\"_blank\" rel=\"noopener\"><img loading=\"lazy\" class=\"wp-image-421\" title=\"Descarga de documentos\" src=\"https:\/\/www.sierra.org.mx\/nueva\/wp-content\/uploads\/2018\/09\/icoDescargas.png\" alt=\"\" width=\"50\" height=\"50\" style=\"vertical-align: middle;\"\/><\/a>&nbsp;&nbsp;&nbsp;<\/td>\n\n\n<\/tr>\n\n\n<\/table>\n\n\n<\/td>\n\n\n\n\n<td width=\"3%\"><\/td>\n\n\n<\/tr>\n\n\n\n\n<tr role=\"row\">\n\n\n<td colspan=\"5\"> &nbsp;<\/td>\n\n\n<\/tr>\n\n\n\n\n<tr role=\"row\">\n\n\n<td width=\"3%\"><\/td>\n\n\n\n\n<td class=\"admcondotrab\">\n\n\n<div class=\"condoDiv\">&nbsp;&nbsp;&nbsp;Plaza\n&nbsp;&nbsp;&nbsp;Marcel<\/div>\n\n\n\n\n<table width=100% style=\"border-bottom: 0px\">\n\n\n<tr bgcolor=\"#C0C0C0\">\n\n\n<td width=\"20%\"><\/td>\n\n\n\n\n<td width=\"60%\"><img class=\"size-full wp-image-325\" src=\"https:\/\/www.sierra.org.mx\/nueva\/wp-content\/uploads\/2018\/06\/condominios011.jpg\" width=\"100%\" \/><\/td>\n\n\n\n\n<td width=\"20%\"><\/td>\n\n\n<\/tr>\n\n\n<\/table>\n\n\n\n\n<table width=100% style=\"border-bottom: 0px\">\n\n\n<tr bgcolor=\"#ffffff\">\n\n\n<td width=\"50%\" style=\"text-align: left;\">\n&nbsp;&nbsp;&nbsp;<a href=\"https:\/\/www.sierra.org.mx\/nueva\/condominios.php?condominio=plazamarcel\/\" target=\"_blank\" rel=\"noopener\"><img loading=\"lazy\" class=\"wp-image-422\" title=\"Sistema Administrativo\" src=\"https:\/\/www.sierra.org.mx\/nueva\/wp-content\/uploads\/2018\/09\/icoAdmCondo.png\" alt=\"\" width=\"50\" height=\"50\" style=\"vertical-align: middle;\"\/><\/a><\/td>\n\n\n\n\n<td width=\"50%\" style=\"text-align: right;\">\n<a href=\"https:\/\/www.sierra.org.mx\/nueva\/ftp.php?condominio=plazamarcel\/\" target=\"_blank\" rel=\"noopener\"><img loading=\"lazy\" class=\"wp-image-421\" title=\"Descarga de documentos\" src=\"https:\/\/www.sierra.org.mx\/nueva\/wp-content\/uploads\/2018\/09\/icoDescargas.png\" alt=\"\" width=\"50\" height=\"50\" style=\"vertical-align: middle;\"\/><\/a>&nbsp;&nbsp;&nbsp;<\/td>\n\n\n<\/tr>\n\n\n<\/table>\n\n\n<\/td>\n\n\n\n\n<td width=\"3%\"><\/td>\n\n\n\n\n<td><\/td>\n\n\n\n\n<td width=\"3%\"><\/td>\n\n\n<\/tr>\n\n\n\n\n<tr role=\"row\">\n\n\n<td colspan=\"5\"> &nbsp;<\/td>\n\n\n<\/tr>\n\n\n<\/tbody>\n\n\n<\/table>\n\n\n&nbsp;\n\n\n<h1>Administraciones Anteriores<\/h1-->\n<p style=\"text-align: center; line-height: 1.2; font-size: 1em;\">Santa Mar\u00eda 3015, Vallarta Norte,<br \/>\nGuadalajara, Jalisco. M\u00e9xico CP 44602.<br \/>\nTel\u00e9fono (33) 36405000<\/p>\n","protected":false},"excerpt":{"rendered":"<p>Santa Mar\u00eda 3015, Vallarta Norte, Guadalajara, Jalisco. M\u00e9xico CP 44602. Tel\u00e9fono (33) 36405000<\/p>\n","protected":false},"author":1,"featured_media":0,"parent":0,"menu_order":0,"comment_status":"closed","ping_status":"closed","template":"template-full-width.php","meta":[],"_links":{"self":[{"href":"https:\/\/www.sierra.org.mx\/nueva\/wp-json\/wp\/v2\/pages\/26"}],"collection":[{"href":"https:\/\/www.sierra.org.mx\/nueva\/wp-json\/wp\/v2\/pages"}],"about":[{"href":"https:\/\/www.sierra.org.mx\/nueva\/wp-json\/wp\/v2\/types\/page"}],"author":[{"embeddable":true,"href":"https:\/\/www.sierra.org.mx\/nueva\/wp-json\/wp\/v2\/users\/1"}],"replies":[{"embeddable":true,"href":"https:\/\/www.sierra.org.mx\/nueva\/wp-json\/wp\/v2\/comments?post=26"}],"version-history":[{"count":353,"href":"https:\/\/www.sierra.org.mx\/nueva\/wp-json\/wp\/v2\/pages\/26\/revisions"}],"predecessor-version":[{"id":983,"href":"https:\/\/www.sierra.org.mx\/nueva\/wp-json\/wp\/v2\/pages\/26\/revisions\/983"}],"wp:attachment":[{"href":"https:\/\/www.sierra.org.mx\/nueva\/wp-json\/wp\/v2\/media?parent=26"}],"curies":[{"name":"wp","href":"https:\/\/api.w.org\/{rel}","templated":true}]}}