{"id":252,"date":"2018-06-15T10:27:51","date_gmt":"2018-06-15T16:27:51","guid":{"rendered":"http:\/\/www.sierra.org.mx\/nueva\/?page_id=252"},"modified":"2020-01-13T10:14:28","modified_gmt":"2020-01-13T16:14:28","slug":"contactanos","status":"publish","type":"page","link":"https:\/\/www.sierra.org.mx\/nueva\/contactanos\/","title":{"rendered":"Cont\u00e1ctanos"},"content":{"rendered":"<table border=\"0\">\n<tbody>\n<tr>\n<td width=\"49%\"><div role=\"form\" class=\"wpcf7\" id=\"wpcf7-f255-o1\" lang=\"es-MX\" dir=\"ltr\">\n<div class=\"screen-reader-response\"><p role=\"status\" aria-live=\"polite\" aria-atomic=\"true\"><\/p> <ul><\/ul><\/div>\n<form action=\"\/nueva\/wp-json\/wp\/v2\/pages\/252#wpcf7-f255-o1\" method=\"post\" class=\"wpcf7-form init\" novalidate=\"novalidate\" data-status=\"init\">\n<div style=\"display: none;\">\n<input type=\"hidden\" name=\"_wpcf7\" value=\"255\" \/>\n<input type=\"hidden\" name=\"_wpcf7_version\" value=\"5.4.1\" \/>\n<input type=\"hidden\" name=\"_wpcf7_locale\" value=\"es_MX\" \/>\n<input type=\"hidden\" name=\"_wpcf7_unit_tag\" value=\"wpcf7-f255-o1\" \/>\n<input type=\"hidden\" name=\"_wpcf7_container_post\" value=\"0\" \/>\n<input type=\"hidden\" name=\"_wpcf7_posted_data_hash\" value=\"\" \/>\n<\/div>\n<p><label> Nombre (Obligatorio)<br \/>\n    <span class=\"wpcf7-form-control-wrap your-name\"><input type=\"text\" name=\"your-name\" value=\"\" size=\"40\" class=\"wpcf7-form-control wpcf7-text wpcf7-validates-as-required\" aria-required=\"true\" aria-invalid=\"false\" \/><\/span> <\/label><\/p>\n<p><label> Email (Obligatorio)<br \/>\n    <span class=\"wpcf7-form-control-wrap your-email\"><input type=\"email\" name=\"your-email\" value=\"\" size=\"40\" class=\"wpcf7-form-control wpcf7-text wpcf7-email wpcf7-validates-as-required wpcf7-validates-as-email\" aria-required=\"true\" aria-invalid=\"false\" \/><\/span> <\/label><\/p>\n<p><label> Asunto<br \/>\n    <span class=\"wpcf7-form-control-wrap your-subject\"><input type=\"text\" name=\"your-subject\" value=\"\" size=\"40\" class=\"wpcf7-form-control wpcf7-text\" aria-invalid=\"false\" \/><\/span> <\/label><\/p>\n<p><label> Mensaje<br \/>\n    <span class=\"wpcf7-form-control-wrap your-message\"><textarea name=\"your-message\" cols=\"40\" rows=\"10\" class=\"wpcf7-form-control wpcf7-textarea\" aria-invalid=\"false\"><\/textarea><\/span> <\/label><\/p>\n<p><input type=\"submit\" value=\"Enviar\" class=\"wpcf7-form-control wpcf7-submit\" \/><\/p>\n<div class=\"wpcf7-response-output\" aria-hidden=\"true\"><\/div><\/form><\/div><\/td>\n<td width=\"4%\"><\/td>\n<td width=\"49%\"><h1 class='srm_gmap_heading_1 '>Oficinas Matriz<\/h1>            <script type=\"text\/javascript\">\r\n                google.maps.event.addDomListener(window, 'load', function () {\r\n                    var map = new google.maps.Map(document.getElementById(\"srm_gmp_embed_1\"), {\r\n                        center: new google.maps.LatLng(20.6784872,-103.3913285),\r\n                        zoom:17,\r\n                        mapTypeId: google.maps.MapTypeId.ROADMAP,\r\n                        scrollwheel: '1'\r\n                    });\r\n\r\n                    \/\/ To view directions form and data\r\n                                        \/\/=========Direction view end\r\n\r\n                    var marker = new google.maps.Marker({\r\n                        position: new google.maps.LatLng(20.6784872,-103.3913285),\r\n                        map: map,\r\n                        animation: google.maps.Animation.DROP,\r\n                        icon: ''\r\n                    });\r\n                    marker.setMap(map);\r\n                                        var infowindow = new google.maps.InfoWindow({\r\n                        content: \"Santa Mar\u00eda 3015, Vallarta San Jorge, Guadalajara, Jal., M\u00e9xico\"\r\n                    });\r\n                    infowindow.open(map, marker);\r\n                    google.maps.event.addListener(marker, 'click', function () {\r\n                        infowindow.open(map, marker);\r\n                    });\r\n                    \r\n                });\r\n\r\n\r\n            <\/script>\r\n\r\n            <div id=\"srm_gmp_embed_1\"\r\n                 style=\"width:100% !important;height:300px  !important; \">\r\n\r\n            <\/div>\r\n                    <strong>Horario<br \/>\nLunes a Viernes 9:00 A.M a 2:00 P.M. y 4:00 P.M. a 6:00 P.M.<\/strong><\/p>\n<p>Santa Mar\u00eda 3015, Vallarta Norte,<br \/>\nGuadalajara, Jalisco. M\u00e9xico CP 44602.<br \/>\nTel\u00e9fono (33) 36405000<\/td>\n<\/tr>\n<\/tbody>\n<\/table>\n","protected":false},"excerpt":{"rendered":"<p>Horario Lunes a Viernes 9:00 A.M a 2:00 P.M. y 4:00 P.M. a 6:00 P.M. Santa Mar\u00eda 3015, Vallarta Norte, Guadalajara, Jalisco. M\u00e9xico CP 44602. Tel\u00e9fono (33) 36405000<\/p>\n","protected":false},"author":1,"featured_media":0,"parent":0,"menu_order":0,"comment_status":"closed","ping_status":"closed","template":"template-full-width.php","meta":[],"_links":{"self":[{"href":"https:\/\/www.sierra.org.mx\/nueva\/wp-json\/wp\/v2\/pages\/252"}],"collection":[{"href":"https:\/\/www.sierra.org.mx\/nueva\/wp-json\/wp\/v2\/pages"}],"about":[{"href":"https:\/\/www.sierra.org.mx\/nueva\/wp-json\/wp\/v2\/types\/page"}],"author":[{"embeddable":true,"href":"https:\/\/www.sierra.org.mx\/nueva\/wp-json\/wp\/v2\/users\/1"}],"replies":[{"embeddable":true,"href":"https:\/\/www.sierra.org.mx\/nueva\/wp-json\/wp\/v2\/comments?post=252"}],"version-history":[{"count":11,"href":"https:\/\/www.sierra.org.mx\/nueva\/wp-json\/wp\/v2\/pages\/252\/revisions"}],"predecessor-version":[{"id":927,"href":"https:\/\/www.sierra.org.mx\/nueva\/wp-json\/wp\/v2\/pages\/252\/revisions\/927"}],"wp:attachment":[{"href":"https:\/\/www.sierra.org.mx\/nueva\/wp-json\/wp\/v2\/media?parent=252"}],"curies":[{"name":"wp","href":"https:\/\/api.w.org\/{rel}","templated":true}]}}